{"id":3564,"date":"2025-11-16T16:57:51","date_gmt":"2025-11-16T09:57:51","guid":{"rendered":"https:\/\/tabernagusti.com\/shop\/?post_type=product&#038;p=3564"},"modified":"2025-11-20T18:27:06","modified_gmt":"2025-11-20T11:27:06","slug":"carbonara","status":"publish","type":"product","link":"https:\/\/tabernagusti.com\/shop\/product\/carbonara\/","title":{"rendered":"Carbonara"},"content":{"rendered":"<h4 class=\"wp-block-button\"><a href=\"https:\/\/piadinamammamia.com\"><img decoding=\"async\" class=\"alignnone wp-image-2743\" src=\"https:\/\/tabernagusti.com\/shop\/wp-content\/uploads\/2025\/03\/76-765457_back-default-home-homepage-icoddn-home-icon-png-orange.png\" alt=\"\" width=\"29\" height=\"29\" srcset=\"https:\/\/tabernagusti.com\/shop\/wp-content\/uploads\/2025\/03\/76-765457_back-default-home-homepage-icoddn-home-icon-png-orange.png 300w, https:\/\/tabernagusti.com\/shop\/wp-content\/uploads\/2025\/03\/76-765457_back-default-home-homepage-icoddn-home-icon-png-orange-150x150.png 150w, https:\/\/tabernagusti.com\/shop\/wp-content\/uploads\/2025\/03\/76-765457_back-default-home-homepage-icoddn-home-icon-png-orange-100x100.png 100w\" sizes=\"(max-width: 29px) 100vw, 29px\" \/> Back to home page<\/a><\/h4>\n<div><\/div>\n<h4 class=\"wp-block-button\"><a href=\"https:\/\/tabernagusti.com\/shop\/product\/piada\/\"><img decoding=\"async\" class=\"alignnone wp-image-2743\" src=\"https:\/\/tabernagusti.com\/shop\/wp-content\/uploads\/2025\/06\/426ce32c-3a50-4040-a259-47b5d98b0fb2-1.png&quot;\" alt=\"\" width=\"29\" height=\"29\" \/> Order one piadina? <\/a><\/h4>\n<div><\/div>\n","protected":false},"excerpt":{"rendered":"<p>M\u00ec \u00dd s\u1ed1t kem v\u1edbi th\u1ecbt heo mu\u1ed1i ki\u1ec3u \u00dd v\u00e0 l\u00f2ng \u0111\u1ecf tr\u1ee9ng g\u00e0.<\/p>\n","protected":false},"featured_media":3569,"template":"","meta":{"_surecart_dashboard_logo_width":"180px","_surecart_dashboard_show_logo":true,"_surecart_dashboard_navigation_orders":true,"_surecart_dashboard_navigation_invoices":true,"_surecart_dashboard_navigation_subscriptions":true,"_surecart_dashboard_navigation_downloads":true,"_surecart_dashboard_navigation_billing":true,"_surecart_dashboard_navigation_account":true,"_uag_custom_page_level_css":"","site-sidebar-layout":"no-sidebar","site-content-layout":"","ast-site-content-layout":"normal-width-container","site-content-style":"unboxed","site-sidebar-style":"default","ast-global-header-display":"","ast-banner-title-visibility":"","ast-main-header-display":"","ast-hfb-above-header-display":"","ast-hfb-below-header-display":"","ast-hfb-mobile-header-display":"","site-post-title":"","ast-breadcrumbs-content":"","ast-featured-img":"","footer-sml-layout":"","theme-transparent-header-meta":"default","adv-header-id-meta":"","stick-header-meta":"","header-above-stick-meta":"","header-main-stick-meta":"","header-below-stick-meta":"","astra-migrate-meta-layouts":"set","ast-page-background-enabled":"default","ast-page-background-meta":{"desktop":{"background-color":"","background-image":"","background-repeat":"repeat","background-position":"center center","background-size":"auto","background-attachment":"scroll","background-type":"","background-media":"","overlay-type":"","overlay-color":"","overlay-opacity":"","overlay-gradient":""},"tablet":{"background-color":"","background-image":"","background-repeat":"repeat","background-position":"center center","background-size":"auto","background-attachment":"scroll","background-type":"","background-media":"","overlay-type":"","overlay-color":"","overlay-opacity":"","overlay-gradient":""},"mobile":{"background-color":"","background-image":"","background-repeat":"repeat","background-position":"center center","background-size":"auto","background-attachment":"scroll","background-type":"","background-media":"","overlay-type":"","overlay-color":"","overlay-opacity":"","overlay-gradient":""}},"ast-content-background-meta":{"desktop":{"background-color":"var(--ast-global-color-5)","background-image":"","background-repeat":"repeat","background-position":"center center","background-size":"auto","background-attachment":"scroll","background-type":"","background-media":"","overlay-type":"","overlay-color":"","overlay-opacity":"","overlay-gradient":""},"tablet":{"background-color":"var(--ast-global-color-5)","background-image":"","background-repeat":"repeat","background-position":"center center","background-size":"auto","background-attachment":"scroll","background-type":"","background-media":"","overlay-type":"","overlay-color":"","overlay-opacity":"","overlay-gradient":""},"mobile":{"background-color":"var(--ast-global-color-5)","background-image":"","background-repeat":"repeat","background-position":"center center","background-size":"auto","background-attachment":"scroll","background-type":"","background-media":"","overlay-type":"","overlay-color":"","overlay-opacity":"","overlay-gradient":""}}},"product_brand":[],"product_cat":[51],"product_tag":[],"class_list":{"0":"post-3564","1":"product","2":"type-product","3":"status-publish","4":"has-post-thumbnail","6":"product_cat-taberna-homemade-fresh-pasta","7":"desktop-align-center","8":"tablet-align-left","9":"mobile-align-left","11":"first","12":"instock","13":"shipping-taxable","14":"purchasable","15":"product-type-variable"},"uagb_featured_image_src":{"full":["https:\/\/tabernagusti.com\/shop\/wp-content\/uploads\/2025\/11\/TAGLIATELLES-carbonara.webp",700,500,false],"thumbnail":["https:\/\/tabernagusti.com\/shop\/wp-content\/uploads\/2025\/11\/TAGLIATELLES-carbonara-150x150.webp",150,150,true],"medium":["https:\/\/tabernagusti.com\/shop\/wp-content\/uploads\/2025\/11\/TAGLIATELLES-carbonara-300x214.webp",300,214,true],"medium_large":["https:\/\/tabernagusti.com\/shop\/wp-content\/uploads\/2025\/11\/TAGLIATELLES-carbonara.webp",700,500,false],"large":["https:\/\/tabernagusti.com\/shop\/wp-content\/uploads\/2025\/11\/TAGLIATELLES-carbonara.webp",700,500,false],"1536x1536":["https:\/\/tabernagusti.com\/shop\/wp-content\/uploads\/2025\/11\/TAGLIATELLES-carbonara.webp",700,500,false],"2048x2048":["https:\/\/tabernagusti.com\/shop\/wp-content\/uploads\/2025\/11\/TAGLIATELLES-carbonara.webp",700,500,false],"woocommerce_thumbnail":["https:\/\/tabernagusti.com\/shop\/wp-content\/uploads\/2025\/11\/TAGLIATELLES-carbonara-300x300.webp",300,300,true],"woocommerce_single":["https:\/\/tabernagusti.com\/shop\/wp-content\/uploads\/2025\/11\/TAGLIATELLES-carbonara-600x429.webp",600,429,true],"woocommerce_gallery_thumbnail":["https:\/\/tabernagusti.com\/shop\/wp-content\/uploads\/2025\/11\/TAGLIATELLES-carbonara-100x100.webp",100,100,true]},"uagb_author_info":{"display_name":"giorgio","author_link":"https:\/\/tabernagusti.com\/shop\/author\/"},"uagb_comment_info":0,"uagb_excerpt":"M\u00ec \u00dd s\u1ed1t kem v\u1edbi th\u1ecbt heo mu\u1ed1i ki\u1ec3u \u00dd v\u00e0 l\u00f2ng \u0111\u1ecf tr\u1ee9ng g\u00e0.","jetpack_sharing_enabled":true,"_links":{"self":[{"href":"https:\/\/tabernagusti.com\/shop\/wp-json\/wp\/v2\/product\/3564","targetHints":{"allow":["GET"]}}],"collection":[{"href":"https:\/\/tabernagusti.com\/shop\/wp-json\/wp\/v2\/product"}],"about":[{"href":"https:\/\/tabernagusti.com\/shop\/wp-json\/wp\/v2\/types\/product"}],"wp:featuredmedia":[{"embeddable":true,"href":"https:\/\/tabernagusti.com\/shop\/wp-json\/wp\/v2\/media\/3569"}],"wp:attachment":[{"href":"https:\/\/tabernagusti.com\/shop\/wp-json\/wp\/v2\/media?parent=3564"}],"wp:term":[{"taxonomy":"product_brand","embeddable":true,"href":"https:\/\/tabernagusti.com\/shop\/wp-json\/wp\/v2\/product_brand?post=3564"},{"taxonomy":"product_cat","embeddable":true,"href":"https:\/\/tabernagusti.com\/shop\/wp-json\/wp\/v2\/product_cat?post=3564"},{"taxonomy":"product_tag","embeddable":true,"href":"https:\/\/tabernagusti.com\/shop\/wp-json\/wp\/v2\/product_tag?post=3564"}],"curies":[{"name":"wp","href":"https:\/\/api.w.org\/{rel}","templated":true}]}}